{"id":2,"date":"2011-10-10T21:40:43","date_gmt":"2011-10-10T18:40:43","guid":{"rendered":"http:\/\/santaholma.net\/merinna\/\/?page_id=2"},"modified":"2012-01-08T18:11:02","modified_gmt":"2012-01-08T16:11:02","slug":"about","status":"publish","type":"page","link":"http:\/\/santaholma.net\/merinna\/","title":{"rendered":"Etusivu"},"content":{"rendered":"<p><img loading=\"lazy\" class=\"alignleft size-full wp-image-138\" title=\"Merinna_logo\" src=\"http:\/\/santaholma.net\/merinna\/wp-content\/uploads\/2012\/01\/Merinna_ok.png\" alt=\"Merinna_logo\" width=\"572\" height=\"142\" srcset=\"http:\/\/santaholma.net\/merinna\/wp-content\/uploads\/2012\/01\/Merinna_ok.png 572w, http:\/\/santaholma.net\/merinna\/wp-content\/uploads\/2012\/01\/Merinna_ok-300x74.png 300w\" sizes=\"(max-width: 572px) 100vw, 572px\" \/><br \/>\n<\/br><br \/>\n<\/br><br \/>\n<\/br><\/p>\n<h1>Tervetuloa S\/Y Merinnan sivuille.<\/h1>\n<p>Vene-osio kertoo tietoja Merinnasta, joka on slovenialaisen veist\u00e4m\u00f6n Elan Marinen valmistama ja englantilaisen venesuunnittelijan Rob Humphreysin vuonna 2002 piirt\u00e4m\u00e4 Elan 31.<\/p>\n<p>Lokikirjassa ovat &#8211; niin no sinne tulevat &#8211; tarinat Merinnan purjehduksista.<\/p>\n<p>Miehist\u00f6-osiossa Merinnan miehist\u00f6n j\u00e4senet kertovat itsest\u00e4\u00e4n.<\/p>\n<p>Varusteet-osiossa on kuvauksia Merinnan purjeista, navigointiv\u00e4lineist\u00e4, elektroniikasta ja muusta varustuksesta.<\/p>\n<p>Tapahtumat-osiossa ovat Merinnan koulutukset, kunnostus, harjoitukset ja kilpailukalenteri.<\/p>\n<p>Viitteet-osiosta l\u00f6ytyy viitteit\u00e4 ja linkkej\u00e4 erilaisiin sivuston aiheisiin liittyviin paikkoihin.<\/p>\n","protected":false},"excerpt":{"rendered":"<p>Tervetuloa S\/Y Merinnan sivuille. Vene-osio kertoo tietoja Merinnasta, joka on slovenialaisen veist\u00e4m\u00f6n Elan Marinen valmistama ja englantilaisen venesuunnittelijan Rob Humphreysin vuonna 2002 piirt\u00e4m\u00e4 Elan 31. Lokikirjassa ovat &#8211; niin no sinne tulevat &#8211; tarinat Merinnan purjehduksista. Miehist\u00f6-osiossa Merinnan miehist\u00f6n j\u00e4senet kertovat itsest\u00e4\u00e4n. Varusteet-osiossa on kuvauksia Merinnan purjeista, navigointiv\u00e4lineist\u00e4, elektroniikasta ja muusta varustuksesta. Tapahtumat-osiossa ovat Merinnan <a href='http:\/\/santaholma.net\/merinna\/' class='excerpt-more'> >>lis\u00e4\u00e4&#8230;<\/a><\/p>\n","protected":false},"author":1,"featured_media":0,"parent":0,"menu_order":10,"comment_status":"closed","ping_status":"closed","template":"","meta":{"spay_email":""},"jetpack_sharing_enabled":true,"jetpack_shortlink":"https:\/\/wp.me\/P2F4Mx-2","_links":{"self":[{"href":"http:\/\/santaholma.net\/merinna\/index.php?rest_route=\/wp\/v2\/pages\/2"}],"collection":[{"href":"http:\/\/santaholma.net\/merinna\/index.php?rest_route=\/wp\/v2\/pages"}],"about":[{"href":"http:\/\/santaholma.net\/merinna\/index.php?rest_route=\/wp\/v2\/types\/page"}],"author":[{"embeddable":true,"href":"http:\/\/santaholma.net\/merinna\/index.php?rest_route=\/wp\/v2\/users\/1"}],"replies":[{"embeddable":true,"href":"http:\/\/santaholma.net\/merinna\/index.php?rest_route=%2Fwp%2Fv2%2Fcomments&post=2"}],"version-history":[{"count":21,"href":"http:\/\/santaholma.net\/merinna\/index.php?rest_route=\/wp\/v2\/pages\/2\/revisions"}],"predecessor-version":[{"id":12,"href":"http:\/\/santaholma.net\/merinna\/index.php?rest_route=\/wp\/v2\/pages\/2\/revisions\/12"}],"wp:attachment":[{"href":"http:\/\/santaholma.net\/merinna\/index.php?rest_route=%2Fwp%2Fv2%2Fmedia&parent=2"}],"curies":[{"name":"wp","href":"https:\/\/api.w.org\/{rel}","templated":true}]}}