{"id":163,"date":"2012-03-19T21:01:34","date_gmt":"2012-03-19T19:01:34","guid":{"rendered":"http:\/\/santaholma.net\/merinna\/?page_id=163"},"modified":"2013-02-21T13:46:35","modified_gmt":"2013-02-21T11:46:35","slug":"keskustelut","status":"publish","type":"page","link":"http:\/\/santaholma.net\/merinna\/?page_id=163","title":{"rendered":"Keskustelut"},"content":{"rendered":"<p><em><div id='wpf-wrapper'><div class='wpf'>\r\n\r\n\t\t\t\t<table width='100%' class='wpf-table' id='profileHeader'>\r\n\t\t\t\t\t<tr>\r\n\t\t\t\t\t\t<th  ><h4 style='float:left;'>Tervetuloa <strong>Vieras<\/strong>&nbsp;<\/h4>\r\n\t\t\t\t\t\t<a id='upshrink' style='float:right;' href='#' onclick='shrinkHeader(!current_header); return false;'>N\u00e4yt\u00e4 \/ Piilota<\/a>\r\n\t\t\t\t\t\t<\/th>\r\n\t\t\t\t\t<\/tr>\r\n\r\n\t\t\t\t\t<tr id='upshrinkHeader'>\r\n\t\t\t\t\t\t\r\n\t\t\t\t\t\t<td valign='top'><p>Tervetuloa vieras, kirjoittaminen t\u00e4lle foorumille vaatii <a href='http:\/\/santaholma.net\/merinna\/wp-login.php?action=register'>rekister\u00f6itymisen.<\/a><\/p><form action='http:\/\/santaholma.net\/merinna\/wp-login.php' method='post'>\r\n\t\t\t\t<label style='font-size:100%;' for='log'>K\u00e4ytt\u00e4j\u00e4tunnus:<\/label><br \/><input type='text' name='log' id='log' value='' size='20' class='wpf-input'\/><br \/>\r\n\t\t\t\t<label style='font-size:100%;' for='pwd'>Salasana:<\/label><br \/><input type='password' name='pwd' id='pwd' size='20' class='wpf-input'\/> \r\n\t\t\t\t<input type='submit' name='submit' value='Login' id='wpf-login-button' class='button' \/><br \/>\r\n\t\t\t\t<label style='font-size:100%;' for='rememberme'><input name='rememberme' id='rememberme' type='checkbox' checked='checked' value='forever' \/> Muista minut<\/label>\r\n\t\t\t\t\r\n\t\t\t\t<input type='hidden' name='redirect_to' value='\/merinna\/index.php?rest_route=%2Fwp%2Fv2%2Fpages%2F163'\/>\r\n\t\t\t<\/form><\/td>\r\n\t\t\t\t\t<\/tr>\r\n\r\n\t\t\t\t\t<tr id='upshrinkHeader2'>\r\n\t\t\t\t\t\t<th class='wpf-bright'  align='right'>\r\n\t\t\t\t\t\t\t<div>\r\n\t\t\t\t\t\t\t\t<form name='wpf_search_form' method='post' action='http:\/\/santaholma.net\/merinna\/?page_id=163&mingleforumaction=search'>\r\n\t\t\t\t\t\t\t\t\t<input type='text' name='search_words' class='wpf-input' \/>\r\n\t\t\t\t\t\t\t\t\t<input type='submit' id='wpf-search-submit' name='search_submit' value='Etsi keskusteluista' \/>\r\n\t\t\t\t\t\t\t\t<\/form>\r\n\t\t\t\t\t\t\t<\/div>\r\n\t\t\t\t\t\t<\/th>\r\n\t\t\t\t\t<\/tr>\r\n\t\t\t\t<\/table>\r\n\t\t\t<\/div><p id='trail' class='breadcrumbs'><a href='http:\/\/santaholma.net\/merinna\/?page_id=163'>Keskustelu<\/a><\/p><table>\r\n\t\t\t\t\t<tr>\r\n\t\t\t\t\t\t<td><small><img alt='' align='top' src='http:\/\/santaholma.net\/merinna\/wp-content\/plugins\/mingle-forum\/default-skin\/Default\/images\/new_some.gif' \/> Uusia viestej\u00e4 <img alt='' align='top' src='http:\/\/santaholma.net\/merinna\/wp-content\/plugins\/mingle-forum\/default-skin\/Default\/images\/new_none.gif' \/> Ei uusia viestej\u00e4 - <a href='http:\/\/santaholma.net\/merinna\/?page_id=163&markallread=true'>Merkitse kaikki luetuksi<\/a><\/small><\/td>\r\n\t\t\t\t\t<\/tr>\r\n\t\t\t\t<\/table><br class='clear'\/><div class='wpf'><table class='wpf-table' width='100%' cellspacing='0' cellpadding='0'><tr>\r\n\t\t\t\t\t\t\t\t\t<th align='center' colspan='2'>Info keskus<\/th>\r\n\t\t\t\t\t\t\t\t<\/tr>\r\n\t\t\t\t\t\t\t\t<tr>\r\n\t\t\t\t\t\t\t\t<\/tr>\r\n\t\t\t\t\t\t\t\t<tr>\r\n\t\t\t\t\t\t\t\t\t<td width='3%' class='forumIcon' align='center'><img alt='' src='http:\/\/santaholma.net\/merinna\/wp-content\/plugins\/mingle-forum\/default-skin\/Default\/images\/icons\/info.gif' \/><\/td>\r\n\t\t\t\t\t\t\t\t\t<td>\r\n\t\t\t\t\t\t\t\t\t\t19 Viesti\u00e4 10 Aihetta kirjoittanut  19 J\u00e4sent\u00e4. Uusin j\u00e4sen: <a href='http:\/\/santaholma.net\/merinna\/?page_id=163&mingleforumaction=profile&id=20' title='N\u00e4yt\u00e4 profiili'>Ilkka<\/a>\r\n\t\t\t\t\t\t\t\t\t\t<br \/>Uusimman viestin l\u00e4hetti <a href='http:\/\/santaholma.net\/merinna\/?page_id=163&mingleforumaction=profile&id=1' title='N\u00e4yt\u00e4 profiili'>jyrkios<\/a><br \/>  September 28, 2012, 17:08\r\n\t\t\t\t\t\t\t\t\t<\/td>\r\n\t\t\t\t\t\t\t\t<\/tr>\r\n\t\t\t\t\t\t<\/table><\/div><div id='wpf-info'><small>\r\n        moottorina  by <a href='http:\/\/cartpauj.com'>cartpauj<\/a><br \/> \r\n        Versio: 1.0.34\r; \r\n        Sivu ladattiin: 0.008 sekunnissa.<\/small>\r\n      <\/div><\/div><\/em><\/p>\n","protected":false},"excerpt":{"rendered":"","protected":false},"author":1,"featured_media":0,"parent":0,"menu_order":80,"comment_status":"closed","ping_status":"closed","template":"","meta":{"spay_email":""},"jetpack_sharing_enabled":true,"jetpack_shortlink":"https:\/\/wp.me\/P2F4Mx-2D","_links":{"self":[{"href":"http:\/\/santaholma.net\/merinna\/index.php?rest_route=\/wp\/v2\/pages\/163"}],"collection":[{"href":"http:\/\/santaholma.net\/merinna\/index.php?rest_route=\/wp\/v2\/pages"}],"about":[{"href":"http:\/\/santaholma.net\/merinna\/index.php?rest_route=\/wp\/v2\/types\/page"}],"author":[{"embeddable":true,"href":"http:\/\/santaholma.net\/merinna\/index.php?rest_route=\/wp\/v2\/users\/1"}],"replies":[{"embeddable":true,"href":"http:\/\/santaholma.net\/merinna\/index.php?rest_route=%2Fwp%2Fv2%2Fcomments&post=163"}],"version-history":[{"count":13,"href":"http:\/\/santaholma.net\/merinna\/index.php?rest_route=\/wp\/v2\/pages\/163\/revisions"}],"predecessor-version":[{"id":367,"href":"http:\/\/santaholma.net\/merinna\/index.php?rest_route=\/wp\/v2\/pages\/163\/revisions\/367"}],"wp:attachment":[{"href":"http:\/\/santaholma.net\/merinna\/index.php?rest_route=%2Fwp%2Fv2%2Fmedia&parent=163"}],"curies":[{"name":"wp","href":"https:\/\/api.w.org\/{rel}","templated":true}]}}