{"id":128,"date":"2012-01-08T14:11:46","date_gmt":"2012-01-08T12:11:46","guid":{"rendered":"http:\/\/santaholma.net\/merinna\/?page_id=128"},"modified":"2012-01-08T17:04:10","modified_gmt":"2012-01-08T15:04:10","slug":"jyrki-santaholma","status":"publish","type":"page","link":"http:\/\/santaholma.net\/merinna\/?page_id=128","title":{"rendered":"Jyrki Santaholma"},"content":{"rendered":"<p><strong>Merinnan kippari<\/strong><\/p>\n<p>Purjehduskokemus:<\/p>\n<p>J\u00e4senyydet:<br \/>\nM &#8211; <a href=\"http:\/\/www.merenkavijat.fi\/\">Merenk\u00e4vij\u00e4t<\/a>, Helsinki<br \/>\nMe &#8211; <a href=\"http:\/\/www.meritie.org\">Meritie<\/a>, Espoo<\/p>\n","protected":false},"excerpt":{"rendered":"<p>Merinnan kippari Purjehduskokemus: J\u00e4senyydet: M &#8211; Merenk\u00e4vij\u00e4t, Helsinki Me &#8211; Meritie, Espoo<\/p>\n","protected":false},"author":1,"featured_media":0,"parent":21,"menu_order":0,"comment_status":"closed","ping_status":"closed","template":"","meta":{"spay_email":""},"jetpack_sharing_enabled":true,"jetpack_shortlink":"https:\/\/wp.me\/P2F4Mx-24","_links":{"self":[{"href":"http:\/\/santaholma.net\/merinna\/index.php?rest_route=\/wp\/v2\/pages\/128"}],"collection":[{"href":"http:\/\/santaholma.net\/merinna\/index.php?rest_route=\/wp\/v2\/pages"}],"about":[{"href":"http:\/\/santaholma.net\/merinna\/index.php?rest_route=\/wp\/v2\/types\/page"}],"author":[{"embeddable":true,"href":"http:\/\/santaholma.net\/merinna\/index.php?rest_route=\/wp\/v2\/users\/1"}],"replies":[{"embeddable":true,"href":"http:\/\/santaholma.net\/merinna\/index.php?rest_route=%2Fwp%2Fv2%2Fcomments&post=128"}],"version-history":[{"count":3,"href":"http:\/\/santaholma.net\/merinna\/index.php?rest_route=\/wp\/v2\/pages\/128\/revisions"}],"predecessor-version":[{"id":137,"href":"http:\/\/santaholma.net\/merinna\/index.php?rest_route=\/wp\/v2\/pages\/128\/revisions\/137"}],"up":[{"embeddable":true,"href":"http:\/\/santaholma.net\/merinna\/index.php?rest_route=\/wp\/v2\/pages\/21"}],"wp:attachment":[{"href":"http:\/\/santaholma.net\/merinna\/index.php?rest_route=%2Fwp%2Fv2%2Fmedia&parent=128"}],"curies":[{"name":"wp","href":"https:\/\/api.w.org\/{rel}","templated":true}]}}