{"id":108,"date":"2012-01-08T12:10:07","date_gmt":"2012-01-08T10:10:07","guid":{"rendered":"http:\/\/santaholma.net\/merinna\/?page_id=108"},"modified":"2013-02-21T13:42:05","modified_gmt":"2013-02-21T11:42:05","slug":"viitteet","status":"publish","type":"page","link":"http:\/\/santaholma.net\/merinna\/?page_id=108","title":{"rendered":"Viitteet"},"content":{"rendered":"<p>Vene:<br \/>\n<a href=\"http:\/\/sail.elan-yachts.com\/pc.asp?xpath=&amp;xpathid=&amp;lang=eng\" target=\"_blank\">Elan-purjeveneiden slovenialaisen veist\u00e4m\u00f6n aloitussivu<\/a><\/p>\n<p>Purjeet:<br \/>\n<a href=\"http:\/\/wb-sails.fi\/index.html\" target=\"_blank\">Purjeneulomo WB-Sails Ltd aloitussivu<\/a><\/p>\n<p>Elektroniikka:<br \/>\n<a href=\"http:\/\/cms.nobeltec.com\/CMS\/Products\/NavigationSoftware\/VNS.aspx\" target=\"_blank\">Nobeltec-navigointiohjelmisto Visual Navigation Suite<\/a><\/p>\n<p>S\u00e4\u00e4:<br \/>\n<a href=\"http:\/\/saa.venenetti.fi\/index.asp\" target=\"_blank\">Vene-lehden s\u00e4\u00e4<\/a><br \/>\n<a href=\"http:\/\/www.yr.no\/place\/Finland\/Southern_Finland\/Harmaja~658802\/hour_by_hour.html\" target=\"_blank\">Norskien s\u00e4\u00e4<\/a><br \/>\n<a href=\"http:\/\/www.hs.fi\/saa\" target=\"_blank\">Hesarin s\u00e4\u00e4<\/a><\/p>\n<p>Navigointi:<br \/>\n<a href=\"http:\/\/www.sailmate.fi\" target=\"_blank\">Sailmate<\/a><\/p>\n","protected":false},"excerpt":{"rendered":"<p>Vene: Elan-purjeveneiden slovenialaisen veist\u00e4m\u00f6n aloitussivu Purjeet: Purjeneulomo WB-Sails Ltd aloitussivu Elektroniikka: Nobeltec-navigointiohjelmisto Visual Navigation Suite S\u00e4\u00e4: Vene-lehden s\u00e4\u00e4 Norskien s\u00e4\u00e4 Hesarin s\u00e4\u00e4 Navigointi: Sailmate<\/p>\n","protected":false},"author":1,"featured_media":0,"parent":0,"menu_order":99,"comment_status":"closed","ping_status":"closed","template":"","meta":{"spay_email":""},"jetpack_sharing_enabled":true,"jetpack_shortlink":"https:\/\/wp.me\/P2F4Mx-1K","_links":{"self":[{"href":"http:\/\/santaholma.net\/merinna\/index.php?rest_route=\/wp\/v2\/pages\/108"}],"collection":[{"href":"http:\/\/santaholma.net\/merinna\/index.php?rest_route=\/wp\/v2\/pages"}],"about":[{"href":"http:\/\/santaholma.net\/merinna\/index.php?rest_route=\/wp\/v2\/types\/page"}],"author":[{"embeddable":true,"href":"http:\/\/santaholma.net\/merinna\/index.php?rest_route=\/wp\/v2\/users\/1"}],"replies":[{"embeddable":true,"href":"http:\/\/santaholma.net\/merinna\/index.php?rest_route=%2Fwp%2Fv2%2Fcomments&post=108"}],"version-history":[{"count":16,"href":"http:\/\/santaholma.net\/merinna\/index.php?rest_route=\/wp\/v2\/pages\/108\/revisions"}],"predecessor-version":[{"id":111,"href":"http:\/\/santaholma.net\/merinna\/index.php?rest_route=\/wp\/v2\/pages\/108\/revisions\/111"}],"wp:attachment":[{"href":"http:\/\/santaholma.net\/merinna\/index.php?rest_route=%2Fwp%2Fv2%2Fmedia&parent=108"}],"curies":[{"name":"wp","href":"https:\/\/api.w.org\/{rel}","templated":true}]}}